{"id":10,"date":"2024-05-23T17:56:15","date_gmt":"2024-05-23T17:56:15","guid":{"rendered":"https:\/\/www.narrativagentil.com\/?page_id=10"},"modified":"2024-05-23T21:03:02","modified_gmt":"2024-05-23T21:03:02","slug":"home","status":"publish","type":"page","link":"https:\/\/www.narrativagentil.com\/","title":{"rendered":"Home"},"content":{"rendered":"\t\t<div data-elementor-type=\"wp-page\" data-elementor-id=\"10\" class=\"elementor elementor-10\" data-elementor-post-type=\"page\">\n\t\t\t\t<div class=\"elementor-element elementor-element-2326abe8 e-flex e-con-boxed e-con e-parent\" data-id=\"2326abe8\" data-element_type=\"container\" data-e-type=\"container\" data-settings=\"{&quot;background_background&quot;:&quot;classic&quot;,&quot;background_motion_fx_motion_fx_scrolling&quot;:&quot;yes&quot;,&quot;background_motion_fx_translateY_effect&quot;:&quot;yes&quot;,&quot;background_motion_fx_translateY_speed&quot;:{&quot;unit&quot;:&quot;px&quot;,&quot;size&quot;:4,&quot;sizes&quot;:[]},&quot;background_motion_fx_translateY_affectedRange&quot;:{&quot;unit&quot;:&quot;%&quot;,&quot;size&quot;:&quot;&quot;,&quot;sizes&quot;:{&quot;start&quot;:0,&quot;end&quot;:100}},&quot;background_motion_fx_devices&quot;:[&quot;desktop&quot;,&quot;tablet&quot;,&quot;mobile&quot;]}\">\n\t\t\t\t\t<div class=\"e-con-inner\">\n\t\t\t\t<div class=\"elementor-element elementor-element-49b756a2 elementor-widget elementor-widget-heading\" data-id=\"49b756a2\" data-element_type=\"widget\" data-e-type=\"widget\" data-widget_type=\"heading.default\">\n\t\t\t\t<div class=\"elementor-widget-container\">\n\t\t\t\t\t<h1 class=\"elementor-heading-title elementor-size-default\">Autenticidade \u00e0 mesa, com um toque de magia paquistanesa<\/h1>\t\t\t\t<\/div>\n\t\t\t\t<\/div>\n\t\t<div class=\"elementor-element elementor-element-d04ced4 e-con-full e-flex e-con e-child\" data-id=\"d04ced4\" data-element_type=\"container\" data-e-type=\"container\">\n\t\t\t\t<div class=\"elementor-element elementor-element-7fa4ea73 e-transform elementor-view-default elementor-invisible elementor-widget elementor-widget-icon\" data-id=\"7fa4ea73\" data-element_type=\"widget\" data-e-type=\"widget\" data-settings=\"{&quot;_animation&quot;:&quot;fadeInDown&quot;,&quot;_transform_scale_effect_hover&quot;:{&quot;unit&quot;:&quot;px&quot;,&quot;size&quot;:&quot;1.1&quot;,&quot;sizes&quot;:[]},&quot;_transform_scale_effect_hover_tablet&quot;:{&quot;unit&quot;:&quot;px&quot;,&quot;size&quot;:&quot;&quot;,&quot;sizes&quot;:[]},&quot;_transform_scale_effect_hover_mobile&quot;:{&quot;unit&quot;:&quot;px&quot;,&quot;size&quot;:&quot;&quot;,&quot;sizes&quot;:[]}}\" data-widget_type=\"icon.default\">\n\t\t\t\t<div class=\"elementor-widget-container\">\n\t\t\t\t\t\t\t<div class=\"elementor-icon-wrapper\">\n\t\t\t<a class=\"elementor-icon\" href=\"#main1\">\n\t\t\t<svg aria-hidden=\"true\" class=\"e-font-icon-svg e-fas-chevron-circle-down\" viewBox=\"0 0 512 512\" xmlns=\"http:\/\/www.w3.org\/2000\/svg\"><path d=\"M504 256c0 137-111 248-248 248S8 393 8 256 119 8 256 8s248 111 248 248zM273 369.9l135.5-135.5c9.4-9.4 9.4-24.6 0-33.9l-17-17c-9.4-9.4-24.6-9.4-33.9 0L256 285.1 154.4 183.5c-9.4-9.4-24.6-9.4-33.9 0l-17 17c-9.4 9.4-9.4 24.6 0 33.9L239 369.9c9.4 9.4 24.6 9.4 34 0z\"><\/path><\/svg>\t\t\t<\/a>\n\t\t<\/div>\n\t\t\t\t\t\t<\/div>\n\t\t\t\t<\/div>\n\t\t\t\t<\/div>\n\t\t\t\t\t<\/div>\n\t\t\t\t<\/div>\n\t\t<div class=\"elementor-element elementor-element-5ae124b1 e-con-full e-flex e-con e-parent\" data-id=\"5ae124b1\" data-element_type=\"container\" data-e-type=\"container\" id=\"main1\" data-settings=\"{&quot;background_background&quot;:&quot;classic&quot;}\">\n\t\t<div class=\"elementor-element elementor-element-1c3c1522 e-con-full e-flex e-con e-child\" data-id=\"1c3c1522\" data-element_type=\"container\" data-e-type=\"container\">\n\t\t\t\t<div class=\"elementor-element elementor-element-7210e8cb elementor-widget elementor-widget-heading\" data-id=\"7210e8cb\" data-element_type=\"widget\" data-e-type=\"widget\" data-widget_type=\"heading.default\">\n\t\t\t\t<div class=\"elementor-widget-container\">\n\t\t\t\t\t<h2 class=\"elementor-heading-title elementor-size-default\">O que fazemos<\/h2>\t\t\t\t<\/div>\n\t\t\t\t<\/div>\n\t\t\t\t<div class=\"elementor-element elementor-element-7ee716c7 elementor-widget elementor-widget-text-editor\" data-id=\"7ee716c7\" data-element_type=\"widget\" data-e-type=\"widget\" data-widget_type=\"text-editor.default\">\n\t\t\t\t<div class=\"elementor-widget-container\">\n\t\t\t\t\t\t\t\t\t<p>A Narrativa Gentil oferece uma experi\u00eancia gastron\u00f3mica aut\u00eantica e envolvente, profundamente enraizada nas tradi\u00e7\u00f5es culin\u00e1rias do Paquist\u00e3o. Especializada na restaura\u00e7\u00e3o tradicional, a nossa cozinha destaca-se pela diversidade e riqueza de sabores, fruto da fus\u00e3o de influ\u00eancias culturais ao longo dos s\u00e9culos. Comprometidos com a qualidade, utilizamos ingredientes frescos e aut\u00eanticos, preparados por chefs experientes que garantem precis\u00e3o e paix\u00e3o em cada prato. Com uma forte responsabilidade social, adotamos pr\u00e1ticas sustent\u00e1veis e apoiamos fornecedores locais. Estamos em constante expans\u00e3o, levando a aut\u00eantica experi\u00eancia culin\u00e1ria paquistanesa a um p\u00fablico cada vez maior.<\/p>\t\t\t\t\t\t\t\t<\/div>\n\t\t\t\t<\/div>\n\t\t\t\t<\/div>\n\t\t\t\t<\/div>\n\t\t\t\t<\/div>\n\t\t","protected":false},"excerpt":{"rendered":"<p>Autenticidade \u00e0 mesa, com um toque de magia paquistanesa O que fazemos A Narrativa Gentil oferece uma experi\u00eancia gastron\u00f3mica aut\u00eantica e envolvente, profundamente enraizada nas tradi\u00e7\u00f5es culin\u00e1rias do Paquist\u00e3o. Especializada na restaura\u00e7\u00e3o tradicional, a nossa cozinha destaca-se pela diversidade e riqueza de sabores, fruto da fus\u00e3o de influ\u00eancias culturais ao longo dos s\u00e9culos. Comprometidos com [&hellip;]<\/p>\n","protected":false},"author":1,"featured_media":0,"parent":0,"menu_order":0,"comment_status":"closed","ping_status":"closed","template":"","meta":{"footnotes":""},"class_list":["post-10","page","type-page","status-publish","hentry"],"_links":{"self":[{"href":"https:\/\/www.narrativagentil.com\/index.php?rest_route=\/wp\/v2\/pages\/10","targetHints":{"allow":["GET"]}}],"collection":[{"href":"https:\/\/www.narrativagentil.com\/index.php?rest_route=\/wp\/v2\/pages"}],"about":[{"href":"https:\/\/www.narrativagentil.com\/index.php?rest_route=\/wp\/v2\/types\/page"}],"author":[{"embeddable":true,"href":"https:\/\/www.narrativagentil.com\/index.php?rest_route=\/wp\/v2\/users\/1"}],"replies":[{"embeddable":true,"href":"https:\/\/www.narrativagentil.com\/index.php?rest_route=%2Fwp%2Fv2%2Fcomments&post=10"}],"version-history":[{"count":49,"href":"https:\/\/www.narrativagentil.com\/index.php?rest_route=\/wp\/v2\/pages\/10\/revisions"}],"predecessor-version":[{"id":246,"href":"https:\/\/www.narrativagentil.com\/index.php?rest_route=\/wp\/v2\/pages\/10\/revisions\/246"}],"wp:attachment":[{"href":"https:\/\/www.narrativagentil.com\/index.php?rest_route=%2Fwp%2Fv2%2Fmedia&parent=10"}],"curies":[{"name":"wp","href":"https:\/\/api.w.org\/{rel}","templated":true}]}}