{"id":71,"date":"2024-05-23T18:55:55","date_gmt":"2024-05-23T18:55:55","guid":{"rendered":"https:\/\/www.narrativagentil.com\/?page_id=71"},"modified":"2024-05-23T21:06:36","modified_gmt":"2024-05-23T21:06:36","slug":"sustentabilidade","status":"publish","type":"page","link":"https:\/\/www.narrativagentil.com\/?page_id=71","title":{"rendered":"Sustentabilidade"},"content":{"rendered":"\t\t<div data-elementor-type=\"wp-page\" data-elementor-id=\"71\" class=\"elementor elementor-71\" data-elementor-post-type=\"page\">\n\t\t\t\t<div class=\"elementor-element elementor-element-803926b e-con-full e-flex e-con e-parent\" data-id=\"803926b\" data-element_type=\"container\" data-e-type=\"container\" data-settings=\"{&quot;background_background&quot;:&quot;classic&quot;,&quot;background_motion_fx_motion_fx_scrolling&quot;:&quot;yes&quot;,&quot;background_motion_fx_translateY_effect&quot;:&quot;yes&quot;,&quot;background_motion_fx_translateY_speed&quot;:{&quot;unit&quot;:&quot;px&quot;,&quot;size&quot;:8.4,&quot;sizes&quot;:[]},&quot;background_motion_fx_translateY_affectedRange&quot;:{&quot;unit&quot;:&quot;%&quot;,&quot;size&quot;:&quot;&quot;,&quot;sizes&quot;:{&quot;start&quot;:0,&quot;end&quot;:100}},&quot;background_motion_fx_devices&quot;:[&quot;desktop&quot;,&quot;tablet&quot;,&quot;mobile&quot;]}\">\n\t\t<div class=\"elementor-element elementor-element-83860f3 e-con-full e-flex e-con e-child\" data-id=\"83860f3\" data-element_type=\"container\" data-e-type=\"container\">\n\t\t\t\t<div class=\"elementor-element elementor-element-18e03a6 elementor-widget elementor-widget-heading\" data-id=\"18e03a6\" data-element_type=\"widget\" data-e-type=\"widget\" data-widget_type=\"heading.default\">\n\t\t\t\t<div class=\"elementor-widget-container\">\n\t\t\t\t\t<h2 class=\"elementor-heading-title elementor-size-default\">Sustentabilidade<\/h2>\t\t\t\t<\/div>\n\t\t\t\t<\/div>\n\t\t\t\t<\/div>\n\t\t\t\t<\/div>\n\t\t<div class=\"elementor-element elementor-element-45b2ef3 e-con-full e-flex e-con e-parent\" data-id=\"45b2ef3\" data-element_type=\"container\" data-e-type=\"container\" data-settings=\"{&quot;background_background&quot;:&quot;classic&quot;}\">\n\t\t<div class=\"elementor-element elementor-element-6bb05f0 e-con-full e-flex e-con e-child\" data-id=\"6bb05f0\" data-element_type=\"container\" data-e-type=\"container\" data-settings=\"{&quot;motion_fx_motion_fx_scrolling&quot;:&quot;yes&quot;,&quot;motion_fx_translateY_effect&quot;:&quot;yes&quot;,&quot;motion_fx_translateY_speed&quot;:{&quot;unit&quot;:&quot;px&quot;,&quot;size&quot;:2,&quot;sizes&quot;:[]},&quot;motion_fx_translateY_affectedRange&quot;:{&quot;unit&quot;:&quot;%&quot;,&quot;size&quot;:&quot;&quot;,&quot;sizes&quot;:{&quot;start&quot;:0,&quot;end&quot;:100}},&quot;motion_fx_devices&quot;:[&quot;desktop&quot;,&quot;tablet&quot;,&quot;mobile&quot;]}\">\n\t\t\t\t<div class=\"elementor-element elementor-element-9dab6f2 elementor-widget elementor-widget-heading\" data-id=\"9dab6f2\" data-element_type=\"widget\" data-e-type=\"widget\" data-widget_type=\"heading.default\">\n\t\t\t\t<div class=\"elementor-widget-container\">\n\t\t\t\t\t<h2 class=\"elementor-heading-title elementor-size-default\">Pr\u00e1ticas sustent\u00e1veis<\/h2>\t\t\t\t<\/div>\n\t\t\t\t<\/div>\n\t\t\t\t<div class=\"elementor-element elementor-element-218354b elementor-widget elementor-widget-text-editor\" data-id=\"218354b\" data-element_type=\"widget\" data-e-type=\"widget\" data-widget_type=\"text-editor.default\">\n\t\t\t\t<div class=\"elementor-widget-container\">\n\t\t\t\t\t\t\t\t\t<p>A Narrativa Gentil est\u00e1 comprometida com pr\u00e1ticas sustent\u00e1veis que refletem a nossa responsabilidade ambiental e social. Implementamos medidas para minimizar o desperd\u00edcio de alimentos, utilizando ingredientes de forma eficiente e criativa. Optamos por embalagens ecol\u00f3gicas para reduzir o impacto ambiental e apoiamos agricultores e fornecedores locais, promovendo a economia sustent\u00e1vel. Al\u00e9m disso, adotamos pr\u00e1ticas de compra respons\u00e1veis, assegurando que os nossos ingredientes sejam obtidos de fontes \u00e9ticas e sustent\u00e1veis. A nossa miss\u00e3o \u00e9 oferecer uma experi\u00eancia gastron\u00f3mica aut\u00eantica, mantendo sempre o respeito pelo meio ambiente e a comunidade.<\/p>\t\t\t\t\t\t\t\t<\/div>\n\t\t\t\t<\/div>\n\t\t\t\t<\/div>\n\t\t\t\t<\/div>\n\t\t<div class=\"elementor-element elementor-element-f66f43f e-con-full e-flex e-con e-parent\" data-id=\"f66f43f\" data-element_type=\"container\" data-e-type=\"container\" data-settings=\"{&quot;background_background&quot;:&quot;classic&quot;}\">\n\t\t<div class=\"elementor-element elementor-element-16f74de e-con-full e-flex e-con e-child\" data-id=\"16f74de\" data-element_type=\"container\" data-e-type=\"container\">\n\t\t\t\t<div class=\"elementor-element elementor-element-3650110 elementor-widget elementor-widget-heading\" data-id=\"3650110\" data-element_type=\"widget\" data-e-type=\"widget\" data-widget_type=\"heading.default\">\n\t\t\t\t<div class=\"elementor-widget-container\">\n\t\t\t\t\t<h2 class=\"elementor-heading-title elementor-size-default\">Apoio a fornecedores locais<\/h2>\t\t\t\t<\/div>\n\t\t\t\t<\/div>\n\t\t\t\t<div class=\"elementor-element elementor-element-15b5cd5 elementor-widget elementor-widget-text-editor\" data-id=\"15b5cd5\" data-element_type=\"widget\" data-e-type=\"widget\" data-widget_type=\"text-editor.default\">\n\t\t\t\t<div class=\"elementor-widget-container\">\n\t\t\t\t\t\t\t\t\t<p>Escolhemos apoiar fornecedores locais como parte do nosso compromisso com a responsabilidade social e sustentabilidade. Na Narrativa Gentil, selecionamos ingredientes de produtores regionais, promovendo a economia local e garantindo a frescura e autenticidade dos nossos pratos. Esta parceria fortalece a comunidade, reduz a pegada de carbono associada ao transporte de alimentos e assegura uma experi\u00eancia gastron\u00f3mica aut\u00eantica e de alta qualidade para os nossos clientes. Ao valorizar e apoiar os fornecedores locais, contribu\u00edmos para um futuro mais sustent\u00e1vel e pr\u00f3spero.<\/p>\t\t\t\t\t\t\t\t<\/div>\n\t\t\t\t<\/div>\n\t\t\t\t<\/div>\n\t\t\t\t<div class=\"elementor-element elementor-element-b4c2599 elementor-widget__width-initial elementor-widget-tablet__width-inherit elementor-widget elementor-widget-image\" data-id=\"b4c2599\" data-element_type=\"widget\" data-e-type=\"widget\" data-widget_type=\"image.default\">\n\t\t\t\t<div class=\"elementor-widget-container\">\n\t\t\t\t\t\t\t\t\t\t\t\t\t\t\t<img fetchpriority=\"high\" decoding=\"async\" width=\"800\" height=\"800\" src=\"https:\/\/www.narrativagentil.com\/wp-content\/uploads\/2024\/05\/elaine-casap-qgHGDbbSNm8-unsplash-e1716496824936-1024x1024.jpg\" class=\"attachment-large size-large wp-image-159\" alt=\"\" srcset=\"https:\/\/www.narrativagentil.com\/wp-content\/uploads\/2024\/05\/elaine-casap-qgHGDbbSNm8-unsplash-e1716496824936-1024x1024.jpg 1024w, https:\/\/www.narrativagentil.com\/wp-content\/uploads\/2024\/05\/elaine-casap-qgHGDbbSNm8-unsplash-e1716496824936-300x300.jpg 300w, https:\/\/www.narrativagentil.com\/wp-content\/uploads\/2024\/05\/elaine-casap-qgHGDbbSNm8-unsplash-e1716496824936-150x150.jpg 150w, https:\/\/www.narrativagentil.com\/wp-content\/uploads\/2024\/05\/elaine-casap-qgHGDbbSNm8-unsplash-e1716496824936-768x768.jpg 768w, https:\/\/www.narrativagentil.com\/wp-content\/uploads\/2024\/05\/elaine-casap-qgHGDbbSNm8-unsplash-e1716496824936.jpg 1280w\" sizes=\"(max-width: 800px) 100vw, 800px\" \/>\t\t\t\t\t\t\t\t\t\t\t\t\t\t\t<\/div>\n\t\t\t\t<\/div>\n\t\t\t\t<\/div>\n\t\t\t\t<\/div>\n\t\t","protected":false},"excerpt":{"rendered":"<p>Sustentabilidade Pr\u00e1ticas sustent\u00e1veis A Narrativa Gentil est\u00e1 comprometida com pr\u00e1ticas sustent\u00e1veis que refletem a nossa responsabilidade ambiental e social. Implementamos medidas para minimizar o desperd\u00edcio de alimentos, utilizando ingredientes de forma eficiente e criativa. Optamos por embalagens ecol\u00f3gicas para reduzir o impacto ambiental e apoiamos agricultores e fornecedores locais, promovendo a economia sustent\u00e1vel. Al\u00e9m disso, [&hellip;]<\/p>\n","protected":false},"author":1,"featured_media":0,"parent":0,"menu_order":0,"comment_status":"closed","ping_status":"closed","template":"","meta":{"footnotes":""},"class_list":["post-71","page","type-page","status-publish","hentry"],"_links":{"self":[{"href":"https:\/\/www.narrativagentil.com\/index.php?rest_route=\/wp\/v2\/pages\/71","targetHints":{"allow":["GET"]}}],"collection":[{"href":"https:\/\/www.narrativagentil.com\/index.php?rest_route=\/wp\/v2\/pages"}],"about":[{"href":"https:\/\/www.narrativagentil.com\/index.php?rest_route=\/wp\/v2\/types\/page"}],"author":[{"embeddable":true,"href":"https:\/\/www.narrativagentil.com\/index.php?rest_route=\/wp\/v2\/users\/1"}],"replies":[{"embeddable":true,"href":"https:\/\/www.narrativagentil.com\/index.php?rest_route=%2Fwp%2Fv2%2Fcomments&post=71"}],"version-history":[{"count":19,"href":"https:\/\/www.narrativagentil.com\/index.php?rest_route=\/wp\/v2\/pages\/71\/revisions"}],"predecessor-version":[{"id":255,"href":"https:\/\/www.narrativagentil.com\/index.php?rest_route=\/wp\/v2\/pages\/71\/revisions\/255"}],"wp:attachment":[{"href":"https:\/\/www.narrativagentil.com\/index.php?rest_route=%2Fwp%2Fv2%2Fmedia&parent=71"}],"curies":[{"name":"wp","href":"https:\/\/api.w.org\/{rel}","templated":true}]}}