{"id":85,"date":"2024-05-23T18:59:49","date_gmt":"2024-05-23T18:59:49","guid":{"rendered":"https:\/\/www.narrativagentil.com\/?page_id=85"},"modified":"2024-05-23T21:08:04","modified_gmt":"2024-05-23T21:08:04","slug":"carreiras","status":"publish","type":"page","link":"https:\/\/www.narrativagentil.com\/?page_id=85","title":{"rendered":"Carreiras"},"content":{"rendered":"\t\t<div data-elementor-type=\"wp-page\" data-elementor-id=\"85\" class=\"elementor elementor-85\" data-elementor-post-type=\"page\">\n\t\t\t\t<div class=\"elementor-element elementor-element-8ebd2f1 e-con-full e-flex e-con e-parent\" data-id=\"8ebd2f1\" data-element_type=\"container\" data-e-type=\"container\" data-settings=\"{&quot;background_background&quot;:&quot;classic&quot;,&quot;background_motion_fx_motion_fx_scrolling&quot;:&quot;yes&quot;,&quot;background_motion_fx_translateY_effect&quot;:&quot;yes&quot;,&quot;background_motion_fx_translateY_speed&quot;:{&quot;unit&quot;:&quot;px&quot;,&quot;size&quot;:8,&quot;sizes&quot;:[]},&quot;background_motion_fx_translateY_affectedRange&quot;:{&quot;unit&quot;:&quot;%&quot;,&quot;size&quot;:&quot;&quot;,&quot;sizes&quot;:{&quot;start&quot;:0,&quot;end&quot;:100}},&quot;background_motion_fx_devices&quot;:[&quot;desktop&quot;,&quot;tablet&quot;,&quot;mobile&quot;]}\">\n\t\t<div class=\"elementor-element elementor-element-4bad0d6 e-con-full e-flex e-con e-child\" data-id=\"4bad0d6\" data-element_type=\"container\" data-e-type=\"container\">\n\t\t\t\t<div class=\"elementor-element elementor-element-32cb49a elementor-widget elementor-widget-heading\" data-id=\"32cb49a\" data-element_type=\"widget\" data-e-type=\"widget\" data-widget_type=\"heading.default\">\n\t\t\t\t<div class=\"elementor-widget-container\">\n\t\t\t\t\t<h2 class=\"elementor-heading-title elementor-size-default\">Carreiras<\/h2>\t\t\t\t<\/div>\n\t\t\t\t<\/div>\n\t\t\t\t<\/div>\n\t\t\t\t<\/div>\n\t\t<div class=\"elementor-element elementor-element-351dbdc e-con-full e-flex e-con e-parent\" data-id=\"351dbdc\" data-element_type=\"container\" data-e-type=\"container\" data-settings=\"{&quot;background_background&quot;:&quot;classic&quot;}\">\n\t\t<div class=\"elementor-element elementor-element-b1b28d1 e-con-full e-flex e-con e-child\" data-id=\"b1b28d1\" data-element_type=\"container\" data-e-type=\"container\">\n\t\t\t\t<div class=\"elementor-element elementor-element-24fa0a6 elementor-widget elementor-widget-heading\" data-id=\"24fa0a6\" data-element_type=\"widget\" data-e-type=\"widget\" data-widget_type=\"heading.default\">\n\t\t\t\t<div class=\"elementor-widget-container\">\n\t\t\t\t\t<h2 class=\"elementor-heading-title elementor-size-default\">Vagas dispon\u00edveis<\/h2>\t\t\t\t<\/div>\n\t\t\t\t<\/div>\n\t\t<div class=\"elementor-element elementor-element-4c4d99e1 e-con-full e-flex e-con e-child\" data-id=\"4c4d99e1\" data-element_type=\"container\" data-e-type=\"container\">\n\t\t\t\t<div class=\"elementor-element elementor-element-b527cf4 elementor-widget__width-initial elementor-widget-mobile__width-inherit elementor-widget elementor-widget-heading\" data-id=\"b527cf4\" data-element_type=\"widget\" data-e-type=\"widget\" data-widget_type=\"heading.default\">\n\t\t\t\t<div class=\"elementor-widget-container\">\n\t\t\t\t\t<h3 class=\"elementor-heading-title elementor-size-default\">Assistente de Cozinha<\/h3>\t\t\t\t<\/div>\n\t\t\t\t<\/div>\n\t\t\t\t<div class=\"elementor-element elementor-element-101b3ec elementor-widget elementor-widget-text-editor\" data-id=\"101b3ec\" data-element_type=\"widget\" data-e-type=\"widget\" data-widget_type=\"text-editor.default\">\n\t\t\t\t<div class=\"elementor-widget-container\">\n\t\t\t\t\t\t\t\t\t<p>Estamos \u00e0 procura de um Assistente de Cozinha para apoiar na prepara\u00e7\u00e3o e confe\u00e7\u00e3o dos pratos. As responsabilidades incluem a prepara\u00e7\u00e3o de ingredientes, manuten\u00e7\u00e3o da limpeza e organiza\u00e7\u00e3o da cozinha, e assist\u00eancia aos chefs durante o servi\u00e7o. O candidato ideal deve ser proativo, ter aten\u00e7\u00e3o ao detalhe e algum conhecimento b\u00e1sico da culin\u00e1ria paquistanesa \u00e9 prefer\u00edvel.<\/p>\t\t\t\t\t\t\t\t<\/div>\n\t\t\t\t<\/div>\n\t\t\t\t<div class=\"elementor-element elementor-element-238665b6 elementor-align-center elementor-mobile-align-center elementor-widget elementor-widget-button\" data-id=\"238665b6\" data-element_type=\"widget\" data-e-type=\"widget\" data-widget_type=\"button.default\">\n\t\t\t\t<div class=\"elementor-widget-container\">\n\t\t\t\t\t\t\t\t\t<div class=\"elementor-button-wrapper\">\n\t\t\t\t\t<a class=\"elementor-button elementor-button-link elementor-size-sm elementor-animation-grow\" href=\"https:\/\/www.narrativagentil.com\/?page_id=101\">\n\t\t\t\t\t\t<span class=\"elementor-button-content-wrapper\">\n\t\t\t\t\t\t\t\t\t<span class=\"elementor-button-text\">Concorrer<\/span>\n\t\t\t\t\t<\/span>\n\t\t\t\t\t<\/a>\n\t\t\t\t<\/div>\n\t\t\t\t\t\t\t\t<\/div>\n\t\t\t\t<\/div>\n\t\t\t\t<\/div>\n\t\t<div class=\"elementor-element elementor-element-50e0707 e-con-full e-flex e-con e-child\" data-id=\"50e0707\" data-element_type=\"container\" data-e-type=\"container\">\n\t\t\t\t<div class=\"elementor-element elementor-element-0b83d9a elementor-widget__width-initial elementor-widget-mobile__width-inherit elementor-widget elementor-widget-heading\" data-id=\"0b83d9a\" data-element_type=\"widget\" data-e-type=\"widget\" data-widget_type=\"heading.default\">\n\t\t\t\t<div class=\"elementor-widget-container\">\n\t\t\t\t\t<h3 class=\"elementor-heading-title elementor-size-default\">Gestor de Restaurante<\/h3>\t\t\t\t<\/div>\n\t\t\t\t<\/div>\n\t\t\t\t<div class=\"elementor-element elementor-element-f5a6de7 elementor-widget elementor-widget-text-editor\" data-id=\"f5a6de7\" data-element_type=\"widget\" data-e-type=\"widget\" data-widget_type=\"text-editor.default\">\n\t\t\t\t<div class=\"elementor-widget-container\">\n\t\t\t\t\t\t\t\t\t<p>Procuramos um Gestor de Restaurante experiente para liderar a nossa equipa e assegurar um servi\u00e7o de excel\u00eancia. As responsabilidades incluem a supervis\u00e3o das opera\u00e7\u00f5es di\u00e1rias, gest\u00e3o de reservas, forma\u00e7\u00e3o de pessoal, controlo de stocks e garantia da satisfa\u00e7\u00e3o dos clientes. O candidato deve ter fortes habilidades de lideran\u00e7a, experi\u00eancia em gest\u00e3o na \u00e1rea da restaura\u00e7\u00e3o e um compromisso com a qualidade e a autenticidade da experi\u00eancia gastron\u00f3mica.<\/p>\t\t\t\t\t\t\t\t<\/div>\n\t\t\t\t<\/div>\n\t\t\t\t<div class=\"elementor-element elementor-element-4248ec4 elementor-align-center elementor-mobile-align-center elementor-widget elementor-widget-button\" data-id=\"4248ec4\" data-element_type=\"widget\" data-e-type=\"widget\" data-widget_type=\"button.default\">\n\t\t\t\t<div class=\"elementor-widget-container\">\n\t\t\t\t\t\t\t\t\t<div class=\"elementor-button-wrapper\">\n\t\t\t\t\t<a class=\"elementor-button elementor-button-link elementor-size-sm elementor-animation-grow\" href=\"https:\/\/www.narrativagentil.com\/?page_id=101\">\n\t\t\t\t\t\t<span class=\"elementor-button-content-wrapper\">\n\t\t\t\t\t\t\t\t\t<span class=\"elementor-button-text\">Concorrer<\/span>\n\t\t\t\t\t<\/span>\n\t\t\t\t\t<\/a>\n\t\t\t\t<\/div>\n\t\t\t\t\t\t\t\t<\/div>\n\t\t\t\t<\/div>\n\t\t\t\t<\/div>\n\t\t\t\t<\/div>\n\t\t\t\t<\/div>\n\t\t<div class=\"elementor-element elementor-element-14bc0b8 e-con-full e-flex e-con e-parent\" data-id=\"14bc0b8\" data-element_type=\"container\" data-e-type=\"container\" data-settings=\"{&quot;background_background&quot;:&quot;classic&quot;}\">\n\t\t<div class=\"elementor-element elementor-element-63b3b09 e-con-full e-flex e-con e-child\" data-id=\"63b3b09\" data-element_type=\"container\" data-e-type=\"container\">\n\t\t\t\t<div class=\"elementor-element elementor-element-4cae3b2 elementor-widget elementor-widget-heading\" data-id=\"4cae3b2\" data-element_type=\"widget\" data-e-type=\"widget\" data-widget_type=\"heading.default\">\n\t\t\t\t<div class=\"elementor-widget-container\">\n\t\t\t\t\t<h2 class=\"elementor-heading-title elementor-size-default\">A nossa cultura de trabalho<\/h2>\t\t\t\t<\/div>\n\t\t\t\t<\/div>\n\t\t\t\t<div class=\"elementor-element elementor-element-fe151a5 elementor-widget elementor-widget-text-editor\" data-id=\"fe151a5\" data-element_type=\"widget\" data-e-type=\"widget\" data-widget_type=\"text-editor.default\">\n\t\t\t\t<div class=\"elementor-widget-container\">\n\t\t\t\t\t\t\t\t\t<p>Na Narrativa Gentil, promovemos uma cultura de trabalho baseada na autenticidade, qualidade e inova\u00e7\u00e3o. Valorizamos o trabalho em equipa, a paix\u00e3o pela culin\u00e1ria paquistanesa e o compromisso com a excel\u00eancia em cada detalhe. Apoiamos o desenvolvimento profissional dos nossos colaboradores, incentivando a aprendizagem cont\u00ednua e a criatividade. Com um forte enfoque na sustentabilidade e responsabilidade social, procuramos criar um ambiente de trabalho positivo e inclusivo, onde cada membro da equipa se sente valorizado e motivado a contribuir para uma experi\u00eancia gastron\u00f3mica \u00fanica e memor\u00e1vel.<\/p>\t\t\t\t\t\t\t\t<\/div>\n\t\t\t\t<\/div>\n\t\t\t\t<\/div>\n\t\t\t\t<div class=\"elementor-element elementor-element-7fa9563 elementor-widget__width-initial elementor-widget-tablet__width-inherit elementor-widget elementor-widget-image\" data-id=\"7fa9563\" data-element_type=\"widget\" data-e-type=\"widget\" data-widget_type=\"image.default\">\n\t\t\t\t<div class=\"elementor-widget-container\">\n\t\t\t\t\t\t\t\t\t\t\t\t\t\t\t<img fetchpriority=\"high\" decoding=\"async\" width=\"800\" height=\"800\" src=\"https:\/\/www.narrativagentil.com\/wp-content\/uploads\/2024\/05\/pexels-cottonbro-4253305-scaled-e1716497487176-1024x1024.jpg\" class=\"attachment-large size-large wp-image-166\" alt=\"\" srcset=\"https:\/\/www.narrativagentil.com\/wp-content\/uploads\/2024\/05\/pexels-cottonbro-4253305-scaled-e1716497487176-1024x1024.jpg 1024w, https:\/\/www.narrativagentil.com\/wp-content\/uploads\/2024\/05\/pexels-cottonbro-4253305-scaled-e1716497487176-300x300.jpg 300w, https:\/\/www.narrativagentil.com\/wp-content\/uploads\/2024\/05\/pexels-cottonbro-4253305-scaled-e1716497487176-150x150.jpg 150w, https:\/\/www.narrativagentil.com\/wp-content\/uploads\/2024\/05\/pexels-cottonbro-4253305-scaled-e1716497487176-768x768.jpg 768w, https:\/\/www.narrativagentil.com\/wp-content\/uploads\/2024\/05\/pexels-cottonbro-4253305-scaled-e1716497487176-1536x1536.jpg 1536w, https:\/\/www.narrativagentil.com\/wp-content\/uploads\/2024\/05\/pexels-cottonbro-4253305-scaled-e1716497487176.jpg 1706w\" sizes=\"(max-width: 800px) 100vw, 800px\" \/>\t\t\t\t\t\t\t\t\t\t\t\t\t\t\t<\/div>\n\t\t\t\t<\/div>\n\t\t\t\t<\/div>\n\t\t\t\t<\/div>\n\t\t","protected":false},"excerpt":{"rendered":"<p>Carreiras Vagas dispon\u00edveis Assistente de Cozinha Estamos \u00e0 procura de um Assistente de Cozinha para apoiar na prepara\u00e7\u00e3o e confe\u00e7\u00e3o dos pratos. As responsabilidades incluem a prepara\u00e7\u00e3o de ingredientes, manuten\u00e7\u00e3o da limpeza e organiza\u00e7\u00e3o da cozinha, e assist\u00eancia aos chefs durante o servi\u00e7o. O candidato ideal deve ser proativo, ter aten\u00e7\u00e3o ao detalhe e algum [&hellip;]<\/p>\n","protected":false},"author":1,"featured_media":0,"parent":0,"menu_order":0,"comment_status":"closed","ping_status":"closed","template":"","meta":{"footnotes":""},"class_list":["post-85","page","type-page","status-publish","hentry"],"_links":{"self":[{"href":"https:\/\/www.narrativagentil.com\/index.php?rest_route=\/wp\/v2\/pages\/85","targetHints":{"allow":["GET"]}}],"collection":[{"href":"https:\/\/www.narrativagentil.com\/index.php?rest_route=\/wp\/v2\/pages"}],"about":[{"href":"https:\/\/www.narrativagentil.com\/index.php?rest_route=\/wp\/v2\/types\/page"}],"author":[{"embeddable":true,"href":"https:\/\/www.narrativagentil.com\/index.php?rest_route=\/wp\/v2\/users\/1"}],"replies":[{"embeddable":true,"href":"https:\/\/www.narrativagentil.com\/index.php?rest_route=%2Fwp%2Fv2%2Fcomments&post=85"}],"version-history":[{"count":22,"href":"https:\/\/www.narrativagentil.com\/index.php?rest_route=\/wp\/v2\/pages\/85\/revisions"}],"predecessor-version":[{"id":258,"href":"https:\/\/www.narrativagentil.com\/index.php?rest_route=\/wp\/v2\/pages\/85\/revisions\/258"}],"wp:attachment":[{"href":"https:\/\/www.narrativagentil.com\/index.php?rest_route=%2Fwp%2Fv2%2Fmedia&parent=85"}],"curies":[{"name":"wp","href":"https:\/\/api.w.org\/{rel}","templated":true}]}}